{"id":136,"date":"2026-04-21T16:29:39","date_gmt":"2026-04-21T16:29:39","guid":{"rendered":"https:\/\/fostudio.h2g.pl\/index.php\/produkt\/kufer-shad-sh58x-expandable\/"},"modified":"2026-04-21T16:29:39","modified_gmt":"2026-04-21T16:29:39","slug":"kufer-shad-sh58x-expandable","status":"publish","type":"product","link":"https:\/\/fostudio.h2g.pl\/index.php\/produkt\/kufer-shad-sh58x-expandable\/","title":{"rendered":"Kufer Shad SH58X Expandable"},"content":{"rendered":"<p>Innowacyjny kufer Shad SH58X pozwala na regulacj\u0119 obj\u0119to\u015bci w trzech pozycjach (L, XL, XXL) od 46 do 58 litr\u00f3w. Idealny zar\u00f3wno na co dzie\u0144, jak i na dalekie wyprawy.<\/p>\n","protected":false},"excerpt":{"rendered":"<p>Kufer z regulowan\u0105 obj\u0119to\u015bci\u0105.<\/p>\n","protected":false},"featured_media":0,"comment_status":"open","ping_status":"closed","template":"","meta":[],"product_brand":[40],"product_cat":[15],"product_tag":[],"class_list":{"0":"post-136","1":"product","2":"type-product","3":"status-publish","5":"product_brand-shad","6":"product_cat-bez-kategorii","8":"first","9":"instock","10":"shipping-taxable","11":"purchasable","12":"product-type-simple"},"jetpack_sharing_enabled":true,"_links":{"self":[{"href":"https:\/\/fostudio.h2g.pl\/index.php\/wp-json\/wp\/v2\/product\/136","targetHints":{"allow":["GET"]}}],"collection":[{"href":"https:\/\/fostudio.h2g.pl\/index.php\/wp-json\/wp\/v2\/product"}],"about":[{"href":"https:\/\/fostudio.h2g.pl\/index.php\/wp-json\/wp\/v2\/types\/product"}],"replies":[{"embeddable":true,"href":"https:\/\/fostudio.h2g.pl\/index.php\/wp-json\/wp\/v2\/comments?post=136"}],"wp:attachment":[{"href":"https:\/\/fostudio.h2g.pl\/index.php\/wp-json\/wp\/v2\/media?parent=136"}],"wp:term":[{"taxonomy":"product_brand","embeddable":true,"href":"https:\/\/fostudio.h2g.pl\/index.php\/wp-json\/wp\/v2\/product_brand?post=136"},{"taxonomy":"product_cat","embeddable":true,"href":"https:\/\/fostudio.h2g.pl\/index.php\/wp-json\/wp\/v2\/product_cat?post=136"},{"taxonomy":"product_tag","embeddable":true,"href":"https:\/\/fostudio.h2g.pl\/index.php\/wp-json\/wp\/v2\/product_tag?post=136"}],"curies":[{"name":"wp","href":"https:\/\/api.w.org\/{rel}","templated":true}]}}