{"id":140,"date":"2026-04-21T16:29:39","date_gmt":"2026-04-21T16:29:39","guid":{"rendered":"https:\/\/fostudio.h2g.pl\/index.php\/produkt\/sakwa-kriega-os-32-soft-pannier\/"},"modified":"2026-04-21T16:29:39","modified_gmt":"2026-04-21T16:29:39","slug":"sakwa-kriega-os-32-soft-pannier","status":"publish","type":"product","link":"https:\/\/fostudio.h2g.pl\/index.php\/produkt\/sakwa-kriega-os-32-soft-pannier\/","title":{"rendered":"Sakwa Kriega OS-32 Soft Pannier"},"content":{"rendered":"<p>Kriega OS-32 to szczyt mo\u017cliwo\u015bci w dziedzinie mi\u0119kkiego baga\u017cu. Wykonana z Hypalonu i Cordury, posiada wyjmowan\u0105 bia\u0142\u0105 wk\u0142adk\u0119 u\u0142atwiaj\u0105c\u0105 szukanie przedmiot\u00f3w.<\/p>\n","protected":false},"excerpt":{"rendered":"<p>Mi\u0119kka sakwa wyprawowa 100% waterproof.<\/p>\n","protected":false},"featured_media":0,"comment_status":"open","ping_status":"closed","template":"","meta":[],"product_brand":[43],"product_cat":[15],"product_tag":[],"class_list":{"0":"post-140","1":"product","2":"type-product","3":"status-publish","5":"product_brand-kriega","6":"product_cat-bez-kategorii","8":"first","9":"instock","10":"shipping-taxable","11":"purchasable","12":"product-type-simple"},"jetpack_sharing_enabled":true,"_links":{"self":[{"href":"https:\/\/fostudio.h2g.pl\/index.php\/wp-json\/wp\/v2\/product\/140","targetHints":{"allow":["GET"]}}],"collection":[{"href":"https:\/\/fostudio.h2g.pl\/index.php\/wp-json\/wp\/v2\/product"}],"about":[{"href":"https:\/\/fostudio.h2g.pl\/index.php\/wp-json\/wp\/v2\/types\/product"}],"replies":[{"embeddable":true,"href":"https:\/\/fostudio.h2g.pl\/index.php\/wp-json\/wp\/v2\/comments?post=140"}],"wp:attachment":[{"href":"https:\/\/fostudio.h2g.pl\/index.php\/wp-json\/wp\/v2\/media?parent=140"}],"wp:term":[{"taxonomy":"product_brand","embeddable":true,"href":"https:\/\/fostudio.h2g.pl\/index.php\/wp-json\/wp\/v2\/product_brand?post=140"},{"taxonomy":"product_cat","embeddable":true,"href":"https:\/\/fostudio.h2g.pl\/index.php\/wp-json\/wp\/v2\/product_cat?post=140"},{"taxonomy":"product_tag","embeddable":true,"href":"https:\/\/fostudio.h2g.pl\/index.php\/wp-json\/wp\/v2\/product_tag?post=140"}],"curies":[{"name":"wp","href":"https:\/\/api.w.org\/{rel}","templated":true}]}}