{"id":146,"date":"2026-04-21T16:29:40","date_gmt":"2026-04-21T16:29:40","guid":{"rendered":"https:\/\/fostudio.h2g.pl\/index.php\/produkt\/stelaz-shad-3p-system\/"},"modified":"2026-04-21T16:29:40","modified_gmt":"2026-04-21T16:29:40","slug":"stelaz-shad-3p-system","status":"publish","type":"product","link":"https:\/\/fostudio.h2g.pl\/index.php\/produkt\/stelaz-shad-3p-system\/","title":{"rendered":"Stela\u017c Shad 3P System"},"content":{"rendered":"<p>Opatentowany system 3P od Shad charakteryzuje si\u0119 minimaln\u0105 wag\u0105 i niemal niewidocznym monta\u017cem po zdj\u0119ciu baga\u017cu. Zapewnia doskona\u0142\u0105 aerodynamik\u0119.<\/p>\n","protected":false},"excerpt":{"rendered":"<p>Dyskretny stela\u017c pod sakwy i kufry.<\/p>\n","protected":false},"featured_media":0,"comment_status":"open","ping_status":"closed","template":"","meta":[],"product_brand":[40],"product_cat":[15],"product_tag":[],"class_list":{"0":"post-146","1":"product","2":"type-product","3":"status-publish","5":"product_brand-shad","6":"product_cat-bez-kategorii","8":"first","9":"instock","10":"shipping-taxable","11":"purchasable","12":"product-type-simple"},"jetpack_sharing_enabled":true,"_links":{"self":[{"href":"https:\/\/fostudio.h2g.pl\/index.php\/wp-json\/wp\/v2\/product\/146","targetHints":{"allow":["GET"]}}],"collection":[{"href":"https:\/\/fostudio.h2g.pl\/index.php\/wp-json\/wp\/v2\/product"}],"about":[{"href":"https:\/\/fostudio.h2g.pl\/index.php\/wp-json\/wp\/v2\/types\/product"}],"replies":[{"embeddable":true,"href":"https:\/\/fostudio.h2g.pl\/index.php\/wp-json\/wp\/v2\/comments?post=146"}],"wp:attachment":[{"href":"https:\/\/fostudio.h2g.pl\/index.php\/wp-json\/wp\/v2\/media?parent=146"}],"wp:term":[{"taxonomy":"product_brand","embeddable":true,"href":"https:\/\/fostudio.h2g.pl\/index.php\/wp-json\/wp\/v2\/product_brand?post=146"},{"taxonomy":"product_cat","embeddable":true,"href":"https:\/\/fostudio.h2g.pl\/index.php\/wp-json\/wp\/v2\/product_cat?post=146"},{"taxonomy":"product_tag","embeddable":true,"href":"https:\/\/fostudio.h2g.pl\/index.php\/wp-json\/wp\/v2\/product_tag?post=146"}],"curies":[{"name":"wp","href":"https:\/\/api.w.org\/{rel}","templated":true}]}}