{"id":147,"date":"2026-04-21T16:29:40","date_gmt":"2026-04-21T16:29:40","guid":{"rendered":"https:\/\/fostudio.h2g.pl\/index.php\/produkt\/stelaz-sw-motech-pro-side-carrier\/"},"modified":"2026-04-21T16:29:40","modified_gmt":"2026-04-21T16:29:40","slug":"stelaz-sw-motech-pro-side-carrier","status":"publish","type":"product","link":"https:\/\/fostudio.h2g.pl\/index.php\/produkt\/stelaz-sw-motech-pro-side-carrier\/","title":{"rendered":"Stela\u017c SW-Motech PRO Side Carrier"},"content":{"rendered":"<p>Najmocniejszy stela\u017c w ofercie SW-Motech. Dzi\u0119ki szybkoz\u0142\u0105czkom Quick-Lock mo\u017cna go zdj\u0105\u0107 w 15 sekund, pozostawiaj\u0105c na motocyklu tylko ma\u0142e punkty monta\u017cowe.<\/p>\n","protected":false},"excerpt":{"rendered":"<p>Bardzo wytrzyma\u0142y stela\u017c demontowalny.<\/p>\n","protected":false},"featured_media":0,"comment_status":"open","ping_status":"closed","template":"","meta":[],"product_brand":[41],"product_cat":[15],"product_tag":[],"class_list":{"0":"post-147","1":"product","2":"type-product","3":"status-publish","5":"product_brand-sw-motech","6":"product_cat-bez-kategorii","8":"first","9":"instock","10":"shipping-taxable","11":"purchasable","12":"product-type-simple"},"jetpack_sharing_enabled":true,"_links":{"self":[{"href":"https:\/\/fostudio.h2g.pl\/index.php\/wp-json\/wp\/v2\/product\/147","targetHints":{"allow":["GET"]}}],"collection":[{"href":"https:\/\/fostudio.h2g.pl\/index.php\/wp-json\/wp\/v2\/product"}],"about":[{"href":"https:\/\/fostudio.h2g.pl\/index.php\/wp-json\/wp\/v2\/types\/product"}],"replies":[{"embeddable":true,"href":"https:\/\/fostudio.h2g.pl\/index.php\/wp-json\/wp\/v2\/comments?post=147"}],"wp:attachment":[{"href":"https:\/\/fostudio.h2g.pl\/index.php\/wp-json\/wp\/v2\/media?parent=147"}],"wp:term":[{"taxonomy":"product_brand","embeddable":true,"href":"https:\/\/fostudio.h2g.pl\/index.php\/wp-json\/wp\/v2\/product_brand?post=147"},{"taxonomy":"product_cat","embeddable":true,"href":"https:\/\/fostudio.h2g.pl\/index.php\/wp-json\/wp\/v2\/product_cat?post=147"},{"taxonomy":"product_tag","embeddable":true,"href":"https:\/\/fostudio.h2g.pl\/index.php\/wp-json\/wp\/v2\/product_tag?post=147"}],"curies":[{"name":"wp","href":"https:\/\/api.w.org\/{rel}","templated":true}]}}