{"id":149,"date":"2026-04-21T16:29:40","date_gmt":"2026-04-21T16:29:40","guid":{"rendered":"https:\/\/fostudio.h2g.pl\/index.php\/produkt\/stelaz-kappa-klr-rapid\/"},"modified":"2026-04-21T16:29:40","modified_gmt":"2026-04-21T16:29:40","slug":"stelaz-kappa-klr-rapid","status":"publish","type":"product","link":"https:\/\/fostudio.h2g.pl\/index.php\/produkt\/stelaz-kappa-klr-rapid\/","title":{"rendered":"Stela\u017c Kappa KLR Rapid"},"content":{"rendered":"<p>Odpowiednik systemu Quick-Lock od Givi\/Kappa. Pozwala na b\u0142yskawiczne uzbrojenie motocykla w baga\u017c boczny przed d\u0142u\u017csz\u0105 wycieczk\u0105.<\/p>\n","protected":false},"excerpt":{"rendered":"<p>Stela\u017c boczny z szybkim monta\u017cem.<\/p>\n","protected":false},"featured_media":0,"comment_status":"open","ping_status":"closed","template":"","meta":[],"product_brand":[19],"product_cat":[15],"product_tag":[],"class_list":{"0":"post-149","1":"product","2":"type-product","3":"status-publish","5":"product_brand-kappa","6":"product_cat-bez-kategorii","8":"first","9":"instock","10":"shipping-taxable","11":"purchasable","12":"product-type-simple"},"jetpack_sharing_enabled":true,"_links":{"self":[{"href":"https:\/\/fostudio.h2g.pl\/index.php\/wp-json\/wp\/v2\/product\/149","targetHints":{"allow":["GET"]}}],"collection":[{"href":"https:\/\/fostudio.h2g.pl\/index.php\/wp-json\/wp\/v2\/product"}],"about":[{"href":"https:\/\/fostudio.h2g.pl\/index.php\/wp-json\/wp\/v2\/types\/product"}],"replies":[{"embeddable":true,"href":"https:\/\/fostudio.h2g.pl\/index.php\/wp-json\/wp\/v2\/comments?post=149"}],"wp:attachment":[{"href":"https:\/\/fostudio.h2g.pl\/index.php\/wp-json\/wp\/v2\/media?parent=149"}],"wp:term":[{"taxonomy":"product_brand","embeddable":true,"href":"https:\/\/fostudio.h2g.pl\/index.php\/wp-json\/wp\/v2\/product_brand?post=149"},{"taxonomy":"product_cat","embeddable":true,"href":"https:\/\/fostudio.h2g.pl\/index.php\/wp-json\/wp\/v2\/product_cat?post=149"},{"taxonomy":"product_tag","embeddable":true,"href":"https:\/\/fostudio.h2g.pl\/index.php\/wp-json\/wp\/v2\/product_tag?post=149"}],"curies":[{"name":"wp","href":"https:\/\/api.w.org\/{rel}","templated":true}]}}