{"id":150,"date":"2026-04-21T16:29:40","date_gmt":"2026-04-21T16:29:40","guid":{"rendered":"https:\/\/fostudio.h2g.pl\/index.php\/produkt\/kask-integralny-shoei-nxr-2\/"},"modified":"2026-04-21T16:29:40","modified_gmt":"2026-04-21T16:29:40","slug":"kask-integralny-shoei-nxr-2","status":"publish","type":"product","link":"https:\/\/fostudio.h2g.pl\/index.php\/produkt\/kask-integralny-shoei-nxr-2\/","title":{"rendered":"Kask Integralny Shoei NXR 2"},"content":{"rendered":"<p>Shoei NXR 2 to dopracowana aerodynamika, doskona\u0142a wentylacja i najwy\u017cszy poziom bezpiecze\u0144stwa dzi\u0119ki atestowi ECE 22.06. Wy\u015bci\u00f3\u0142ka 3D Max-Dry zapewnia komfort.<\/p>\n","protected":false},"excerpt":{"rendered":"<p>Sportowo-turystyczny kask premium.<\/p>\n","protected":false},"featured_media":0,"comment_status":"open","ping_status":"closed","template":"","meta":[],"product_brand":[49],"product_cat":[15],"product_tag":[],"class_list":{"0":"post-150","1":"product","2":"type-product","3":"status-publish","5":"product_brand-shoei","6":"product_cat-bez-kategorii","8":"first","9":"instock","10":"shipping-taxable","11":"purchasable","12":"product-type-simple"},"jetpack_sharing_enabled":true,"_links":{"self":[{"href":"https:\/\/fostudio.h2g.pl\/index.php\/wp-json\/wp\/v2\/product\/150","targetHints":{"allow":["GET"]}}],"collection":[{"href":"https:\/\/fostudio.h2g.pl\/index.php\/wp-json\/wp\/v2\/product"}],"about":[{"href":"https:\/\/fostudio.h2g.pl\/index.php\/wp-json\/wp\/v2\/types\/product"}],"replies":[{"embeddable":true,"href":"https:\/\/fostudio.h2g.pl\/index.php\/wp-json\/wp\/v2\/comments?post=150"}],"wp:attachment":[{"href":"https:\/\/fostudio.h2g.pl\/index.php\/wp-json\/wp\/v2\/media?parent=150"}],"wp:term":[{"taxonomy":"product_brand","embeddable":true,"href":"https:\/\/fostudio.h2g.pl\/index.php\/wp-json\/wp\/v2\/product_brand?post=150"},{"taxonomy":"product_cat","embeddable":true,"href":"https:\/\/fostudio.h2g.pl\/index.php\/wp-json\/wp\/v2\/product_cat?post=150"},{"taxonomy":"product_tag","embeddable":true,"href":"https:\/\/fostudio.h2g.pl\/index.php\/wp-json\/wp\/v2\/product_tag?post=150"}],"curies":[{"name":"wp","href":"https:\/\/api.w.org\/{rel}","templated":true}]}}