{"id":154,"date":"2026-04-21T16:29:40","date_gmt":"2026-04-21T16:29:40","guid":{"rendered":"https:\/\/fostudio.h2g.pl\/index.php\/produkt\/kask-integralny-nolan-n80-8\/"},"modified":"2026-04-21T16:29:40","modified_gmt":"2026-04-21T16:29:40","slug":"kask-integralny-nolan-n80-8","status":"publish","type":"product","link":"https:\/\/fostudio.h2g.pl\/index.php\/produkt\/kask-integralny-nolan-n80-8\/","title":{"rendered":"Kask Integralny Nolan N80-8"},"content":{"rendered":"<p>Nowo\u015b\u0107 od Nolana z homologacj\u0105 22.06. Posiada system NERS (ratunkowe wyjmowanie wy\u015bci\u00f3\u0142ki), szeroki wizjer i jest przystosowany pod dedykowany interkom N-Com.<\/p>\n","protected":false},"excerpt":{"rendered":"<p>Wszechstronny kask drogowy.<\/p>\n","protected":false},"featured_media":0,"comment_status":"open","ping_status":"closed","template":"","meta":[],"product_brand":[54],"product_cat":[15],"product_tag":[],"class_list":{"0":"post-154","1":"product","2":"type-product","3":"status-publish","5":"product_brand-nolan","6":"product_cat-bez-kategorii","8":"first","9":"instock","10":"shipping-taxable","11":"purchasable","12":"product-type-simple"},"jetpack_sharing_enabled":true,"_links":{"self":[{"href":"https:\/\/fostudio.h2g.pl\/index.php\/wp-json\/wp\/v2\/product\/154","targetHints":{"allow":["GET"]}}],"collection":[{"href":"https:\/\/fostudio.h2g.pl\/index.php\/wp-json\/wp\/v2\/product"}],"about":[{"href":"https:\/\/fostudio.h2g.pl\/index.php\/wp-json\/wp\/v2\/types\/product"}],"replies":[{"embeddable":true,"href":"https:\/\/fostudio.h2g.pl\/index.php\/wp-json\/wp\/v2\/comments?post=154"}],"wp:attachment":[{"href":"https:\/\/fostudio.h2g.pl\/index.php\/wp-json\/wp\/v2\/media?parent=154"}],"wp:term":[{"taxonomy":"product_brand","embeddable":true,"href":"https:\/\/fostudio.h2g.pl\/index.php\/wp-json\/wp\/v2\/product_brand?post=154"},{"taxonomy":"product_cat","embeddable":true,"href":"https:\/\/fostudio.h2g.pl\/index.php\/wp-json\/wp\/v2\/product_cat?post=154"},{"taxonomy":"product_tag","embeddable":true,"href":"https:\/\/fostudio.h2g.pl\/index.php\/wp-json\/wp\/v2\/product_tag?post=154"}],"curies":[{"name":"wp","href":"https:\/\/api.w.org\/{rel}","templated":true}]}}