{"id":156,"date":"2026-04-21T16:29:41","date_gmt":"2026-04-21T16:29:41","guid":{"rendered":"https:\/\/fostudio.h2g.pl\/index.php\/produkt\/kask-otwarty-ls2-of601-bob-carbon\/"},"modified":"2026-04-21T16:29:41","modified_gmt":"2026-04-21T16:29:41","slug":"kask-otwarty-ls2-of601-bob-carbon","status":"publish","type":"product","link":"https:\/\/fostudio.h2g.pl\/index.php\/produkt\/kask-otwarty-ls2-of601-bob-carbon\/","title":{"rendered":"Kask Otwarty LS2 OF601 Bob Carbon"},"content":{"rendered":"<p>LS2 Bob to po\u0142\u0105czenie nowoczesnej technologii (w\u0142\u00f3kno w\u0119glowe) z klasycznym wygl\u0105dem. Posiada wbudowan\u0105 blend\u0119 i daszek w zestawie.<\/p>\n","protected":false},"excerpt":{"rendered":"<p>Karbonowy open-face w stylu retro.<\/p>\n","protected":false},"featured_media":0,"comment_status":"open","ping_status":"closed","template":"","meta":[],"product_brand":[57],"product_cat":[15],"product_tag":[],"class_list":{"0":"post-156","1":"product","2":"type-product","3":"status-publish","5":"product_brand-ls2","6":"product_cat-bez-kategorii","8":"first","9":"instock","10":"shipping-taxable","11":"purchasable","12":"product-type-simple"},"jetpack_sharing_enabled":true,"_links":{"self":[{"href":"https:\/\/fostudio.h2g.pl\/index.php\/wp-json\/wp\/v2\/product\/156","targetHints":{"allow":["GET"]}}],"collection":[{"href":"https:\/\/fostudio.h2g.pl\/index.php\/wp-json\/wp\/v2\/product"}],"about":[{"href":"https:\/\/fostudio.h2g.pl\/index.php\/wp-json\/wp\/v2\/types\/product"}],"replies":[{"embeddable":true,"href":"https:\/\/fostudio.h2g.pl\/index.php\/wp-json\/wp\/v2\/comments?post=156"}],"wp:attachment":[{"href":"https:\/\/fostudio.h2g.pl\/index.php\/wp-json\/wp\/v2\/media?parent=156"}],"wp:term":[{"taxonomy":"product_brand","embeddable":true,"href":"https:\/\/fostudio.h2g.pl\/index.php\/wp-json\/wp\/v2\/product_brand?post=156"},{"taxonomy":"product_cat","embeddable":true,"href":"https:\/\/fostudio.h2g.pl\/index.php\/wp-json\/wp\/v2\/product_cat?post=156"},{"taxonomy":"product_tag","embeddable":true,"href":"https:\/\/fostudio.h2g.pl\/index.php\/wp-json\/wp\/v2\/product_tag?post=156"}],"curies":[{"name":"wp","href":"https:\/\/api.w.org\/{rel}","templated":true}]}}