{"id":158,"date":"2026-04-21T16:29:41","date_gmt":"2026-04-21T16:29:41","guid":{"rendered":"https:\/\/fostudio.h2g.pl\/index.php\/produkt\/kask-otwarty-scorpion-belfast-evo\/"},"modified":"2026-04-21T16:29:41","modified_gmt":"2026-04-21T16:29:41","slug":"kask-otwarty-scorpion-belfast-evo","status":"publish","type":"product","link":"https:\/\/fostudio.h2g.pl\/index.php\/produkt\/kask-otwarty-scorpion-belfast-evo\/","title":{"rendered":"Kask Otwarty Scorpion Belfast Evo"},"content":{"rendered":"<p>Wykonany z w\u0142\u00f3kna szklanego kask typu jet. Posiada wy\u015bci\u00f3\u0142k\u0119 KwikWick II, kt\u00f3ra odprowadza wilgo\u0107 i jest bardzo przyjemna dla sk\u00f3ry.<\/p>\n","protected":false},"excerpt":{"rendered":"<p>Stylowy kask z opuszczan\u0105 szybk\u0105.<\/p>\n","protected":false},"featured_media":0,"comment_status":"open","ping_status":"closed","template":"","meta":[],"product_brand":[59],"product_cat":[15],"product_tag":[],"class_list":{"0":"post-158","1":"product","2":"type-product","3":"status-publish","5":"product_brand-scorpion","6":"product_cat-bez-kategorii","8":"first","9":"instock","10":"shipping-taxable","11":"purchasable","12":"product-type-simple"},"jetpack_sharing_enabled":true,"_links":{"self":[{"href":"https:\/\/fostudio.h2g.pl\/index.php\/wp-json\/wp\/v2\/product\/158","targetHints":{"allow":["GET"]}}],"collection":[{"href":"https:\/\/fostudio.h2g.pl\/index.php\/wp-json\/wp\/v2\/product"}],"about":[{"href":"https:\/\/fostudio.h2g.pl\/index.php\/wp-json\/wp\/v2\/types\/product"}],"replies":[{"embeddable":true,"href":"https:\/\/fostudio.h2g.pl\/index.php\/wp-json\/wp\/v2\/comments?post=158"}],"wp:attachment":[{"href":"https:\/\/fostudio.h2g.pl\/index.php\/wp-json\/wp\/v2\/media?parent=158"}],"wp:term":[{"taxonomy":"product_brand","embeddable":true,"href":"https:\/\/fostudio.h2g.pl\/index.php\/wp-json\/wp\/v2\/product_brand?post=158"},{"taxonomy":"product_cat","embeddable":true,"href":"https:\/\/fostudio.h2g.pl\/index.php\/wp-json\/wp\/v2\/product_cat?post=158"},{"taxonomy":"product_tag","embeddable":true,"href":"https:\/\/fostudio.h2g.pl\/index.php\/wp-json\/wp\/v2\/product_tag?post=158"}],"curies":[{"name":"wp","href":"https:\/\/api.w.org\/{rel}","templated":true}]}}