{"id":162,"date":"2026-04-21T16:29:41","date_gmt":"2026-04-21T16:29:41","guid":{"rendered":"https:\/\/fostudio.h2g.pl\/index.php\/produkt\/kask-szczekowy-hjc-i100\/"},"modified":"2026-04-21T16:29:41","modified_gmt":"2026-04-21T16:29:41","slug":"kask-szczekowy-hjc-i100","status":"publish","type":"product","link":"https:\/\/fostudio.h2g.pl\/index.php\/produkt\/kask-szczekowy-hjc-i100\/","title":{"rendered":"Kask Szcz\u0119kowy HJC i100"},"content":{"rendered":"<p>HJC i100 pozwala na pe\u0142ne odchylenie szcz\u0119ki na ty\u0142 kasku, co poprawia balans podczas jazdy z otwart\u0105 przy\u0142bic\u0105. Posiada blend\u0119 i Pinlock w zestawie.<\/p>\n","protected":false},"excerpt":{"rendered":"<p>Kask z przek\u0142adan\u0105 szcz\u0119k\u0105 o 180 stopni.<\/p>\n","protected":false},"featured_media":0,"comment_status":"open","ping_status":"closed","template":"","meta":[],"product_brand":[51],"product_cat":[15],"product_tag":[],"class_list":{"0":"post-162","1":"product","2":"type-product","3":"status-publish","5":"product_brand-hjc","6":"product_cat-bez-kategorii","8":"first","9":"instock","10":"shipping-taxable","11":"purchasable","12":"product-type-simple"},"jetpack_sharing_enabled":true,"_links":{"self":[{"href":"https:\/\/fostudio.h2g.pl\/index.php\/wp-json\/wp\/v2\/product\/162","targetHints":{"allow":["GET"]}}],"collection":[{"href":"https:\/\/fostudio.h2g.pl\/index.php\/wp-json\/wp\/v2\/product"}],"about":[{"href":"https:\/\/fostudio.h2g.pl\/index.php\/wp-json\/wp\/v2\/types\/product"}],"replies":[{"embeddable":true,"href":"https:\/\/fostudio.h2g.pl\/index.php\/wp-json\/wp\/v2\/comments?post=162"}],"wp:attachment":[{"href":"https:\/\/fostudio.h2g.pl\/index.php\/wp-json\/wp\/v2\/media?parent=162"}],"wp:term":[{"taxonomy":"product_brand","embeddable":true,"href":"https:\/\/fostudio.h2g.pl\/index.php\/wp-json\/wp\/v2\/product_brand?post=162"},{"taxonomy":"product_cat","embeddable":true,"href":"https:\/\/fostudio.h2g.pl\/index.php\/wp-json\/wp\/v2\/product_cat?post=162"},{"taxonomy":"product_tag","embeddable":true,"href":"https:\/\/fostudio.h2g.pl\/index.php\/wp-json\/wp\/v2\/product_tag?post=162"}],"curies":[{"name":"wp","href":"https:\/\/api.w.org\/{rel}","templated":true}]}}