{"id":164,"date":"2026-04-21T16:29:41","date_gmt":"2026-04-21T16:29:41","guid":{"rendered":"https:\/\/fostudio.h2g.pl\/index.php\/produkt\/kask-szczekowy-shark-evo-gt\/"},"modified":"2026-04-21T16:29:41","modified_gmt":"2026-04-21T16:29:41","slug":"kask-szczekowy-shark-evo-gt","status":"publish","type":"product","link":"https:\/\/fostudio.h2g.pl\/index.php\/produkt\/kask-szczekowy-shark-evo-gt\/","title":{"rendered":"Kask Szcz\u0119kowy Shark EVO-GT"},"content":{"rendered":"<p>System Auto-up \/ Auto-down automatycznie podnosi szybk\u0119 przy operowaniu szcz\u0119k\u0105. Kask posiada optyczn\u0105 klas\u0119 1 wizjera i dwie grubo\u015bci policzk\u00f3w w zestawie.<\/p>\n","protected":false},"excerpt":{"rendered":"<p>Ewolucja kasku modularnego.<\/p>\n","protected":false},"featured_media":0,"comment_status":"open","ping_status":"closed","template":"","meta":[],"product_brand":[53],"product_cat":[15],"product_tag":[],"class_list":{"0":"post-164","1":"product","2":"type-product","3":"status-publish","5":"product_brand-shark","6":"product_cat-bez-kategorii","8":"first","9":"instock","10":"shipping-taxable","11":"purchasable","12":"product-type-simple"},"jetpack_sharing_enabled":true,"_links":{"self":[{"href":"https:\/\/fostudio.h2g.pl\/index.php\/wp-json\/wp\/v2\/product\/164","targetHints":{"allow":["GET"]}}],"collection":[{"href":"https:\/\/fostudio.h2g.pl\/index.php\/wp-json\/wp\/v2\/product"}],"about":[{"href":"https:\/\/fostudio.h2g.pl\/index.php\/wp-json\/wp\/v2\/types\/product"}],"replies":[{"embeddable":true,"href":"https:\/\/fostudio.h2g.pl\/index.php\/wp-json\/wp\/v2\/comments?post=164"}],"wp:attachment":[{"href":"https:\/\/fostudio.h2g.pl\/index.php\/wp-json\/wp\/v2\/media?parent=164"}],"wp:term":[{"taxonomy":"product_brand","embeddable":true,"href":"https:\/\/fostudio.h2g.pl\/index.php\/wp-json\/wp\/v2\/product_brand?post=164"},{"taxonomy":"product_cat","embeddable":true,"href":"https:\/\/fostudio.h2g.pl\/index.php\/wp-json\/wp\/v2\/product_cat?post=164"},{"taxonomy":"product_tag","embeddable":true,"href":"https:\/\/fostudio.h2g.pl\/index.php\/wp-json\/wp\/v2\/product_tag?post=164"}],"curies":[{"name":"wp","href":"https:\/\/api.w.org\/{rel}","templated":true}]}}