{"id":165,"date":"2026-04-21T16:29:50","date_gmt":"2026-04-21T16:29:50","guid":{"rendered":"https:\/\/fostudio.h2g.pl\/index.php\/produkt\/buty-alpinestars-smx-6-v2\/"},"modified":"2026-04-21T16:29:50","modified_gmt":"2026-04-21T16:29:50","slug":"buty-alpinestars-smx-6-v2","status":"publish","type":"product","link":"https:\/\/fostudio.h2g.pl\/index.php\/produkt\/buty-alpinestars-smx-6-v2\/","title":{"rendered":"Buty Alpinestars SMX-6 V2"},"content":{"rendered":"<p>Buty oferuj\u0105ce ochron\u0119 kostki (system zawiasowy), wzmocnienia pi\u0119ty i palc\u00f3w oraz wymienny slider. Idealne zar\u00f3wno na drog\u0119, jak i amatorskie track-daye.<\/p>\n","protected":false},"excerpt":{"rendered":"<p>Sportowo-turystyczne buty z certyfikatem.<\/p>\n","protected":false},"featured_media":0,"comment_status":"open","ping_status":"closed","template":"","meta":[],"product_brand":[62],"product_cat":[15],"product_tag":[],"class_list":{"0":"post-165","1":"product","2":"type-product","3":"status-publish","5":"product_brand-alpinestars","6":"product_cat-bez-kategorii","8":"first","9":"instock","10":"shipping-taxable","11":"purchasable","12":"product-type-simple"},"jetpack_sharing_enabled":true,"_links":{"self":[{"href":"https:\/\/fostudio.h2g.pl\/index.php\/wp-json\/wp\/v2\/product\/165","targetHints":{"allow":["GET"]}}],"collection":[{"href":"https:\/\/fostudio.h2g.pl\/index.php\/wp-json\/wp\/v2\/product"}],"about":[{"href":"https:\/\/fostudio.h2g.pl\/index.php\/wp-json\/wp\/v2\/types\/product"}],"replies":[{"embeddable":true,"href":"https:\/\/fostudio.h2g.pl\/index.php\/wp-json\/wp\/v2\/comments?post=165"}],"wp:attachment":[{"href":"https:\/\/fostudio.h2g.pl\/index.php\/wp-json\/wp\/v2\/media?parent=165"}],"wp:term":[{"taxonomy":"product_brand","embeddable":true,"href":"https:\/\/fostudio.h2g.pl\/index.php\/wp-json\/wp\/v2\/product_brand?post=165"},{"taxonomy":"product_cat","embeddable":true,"href":"https:\/\/fostudio.h2g.pl\/index.php\/wp-json\/wp\/v2\/product_cat?post=165"},{"taxonomy":"product_tag","embeddable":true,"href":"https:\/\/fostudio.h2g.pl\/index.php\/wp-json\/wp\/v2\/product_tag?post=165"}],"curies":[{"name":"wp","href":"https:\/\/api.w.org\/{rel}","templated":true}]}}