{"id":166,"date":"2026-04-21T16:29:50","date_gmt":"2026-04-21T16:29:50","guid":{"rendered":"https:\/\/fostudio.h2g.pl\/index.php\/produkt\/buty-sidi-rex\/"},"modified":"2026-04-21T16:33:52","modified_gmt":"2026-04-21T16:33:52","slug":"buty-sidi-rex","status":"publish","type":"product","link":"https:\/\/fostudio.h2g.pl\/index.php\/produkt\/buty-sidi-rex\/","title":{"rendered":"Buty Sidi Rex"},"content":{"rendered":"<p>Flagowy model Sidi z innowacyjnym systemem zamykania Tecno-3 Push. Zapewniaj\u0105 ekstremaln\u0105 ochron\u0119 i wentylacj\u0119 regulowan\u0105 za pomoc\u0105 suwak\u00f3w na skorupie.<\/p>\n","protected":false},"excerpt":{"rendered":"<p>Profesjonalne buty wy\u015bcigowe.<\/p>\n","protected":false},"featured_media":0,"comment_status":"open","ping_status":"closed","template":"","meta":[],"product_brand":[64],"product_cat":[15,28],"product_tag":[],"class_list":{"0":"post-166","1":"product","2":"type-product","3":"status-publish","5":"product_brand-sidi","6":"product_cat-bez-kategorii","7":"product_cat-buty-motocyklowe","9":"first","10":"instock","11":"shipping-taxable","12":"purchasable","13":"product-type-simple"},"jetpack_sharing_enabled":true,"_links":{"self":[{"href":"https:\/\/fostudio.h2g.pl\/index.php\/wp-json\/wp\/v2\/product\/166","targetHints":{"allow":["GET"]}}],"collection":[{"href":"https:\/\/fostudio.h2g.pl\/index.php\/wp-json\/wp\/v2\/product"}],"about":[{"href":"https:\/\/fostudio.h2g.pl\/index.php\/wp-json\/wp\/v2\/types\/product"}],"replies":[{"embeddable":true,"href":"https:\/\/fostudio.h2g.pl\/index.php\/wp-json\/wp\/v2\/comments?post=166"}],"wp:attachment":[{"href":"https:\/\/fostudio.h2g.pl\/index.php\/wp-json\/wp\/v2\/media?parent=166"}],"wp:term":[{"taxonomy":"product_brand","embeddable":true,"href":"https:\/\/fostudio.h2g.pl\/index.php\/wp-json\/wp\/v2\/product_brand?post=166"},{"taxonomy":"product_cat","embeddable":true,"href":"https:\/\/fostudio.h2g.pl\/index.php\/wp-json\/wp\/v2\/product_cat?post=166"},{"taxonomy":"product_tag","embeddable":true,"href":"https:\/\/fostudio.h2g.pl\/index.php\/wp-json\/wp\/v2\/product_tag?post=166"}],"curies":[{"name":"wp","href":"https:\/\/api.w.org\/{rel}","templated":true}]}}