{"id":167,"date":"2026-04-21T16:29:50","date_gmt":"2026-04-21T16:29:50","guid":{"rendered":"https:\/\/fostudio.h2g.pl\/index.php\/produkt\/buty-tcx-climatrek-surround\/"},"modified":"2026-04-21T16:33:52","modified_gmt":"2026-04-21T16:33:52","slug":"buty-tcx-climatrek-surround","status":"publish","type":"product","link":"https:\/\/fostudio.h2g.pl\/index.php\/produkt\/buty-tcx-climatrek-surround\/","title":{"rendered":"Buty TCX Climatrek Surround"},"content":{"rendered":"<p>Buty wykorzystuj\u0105ce technologi\u0119 Gore-Tex Surround, kt\u00f3ra pozwala stopie oddycha\u0107 r\u00f3wnie\u017c od strony podeszwy. Idealne do turystyki pieszej i motocyklowej.<\/p>\n","protected":false},"excerpt":{"rendered":"<p>Wodoodporne buty turystyczne typu gore-tex.<\/p>\n","protected":false},"featured_media":0,"comment_status":"open","ping_status":"closed","template":"","meta":[],"product_brand":[65],"product_cat":[15,28],"product_tag":[],"class_list":{"0":"post-167","1":"product","2":"type-product","3":"status-publish","5":"product_brand-tcx","6":"product_cat-bez-kategorii","7":"product_cat-buty-motocyklowe","9":"first","10":"instock","11":"shipping-taxable","12":"purchasable","13":"product-type-simple"},"jetpack_sharing_enabled":true,"_links":{"self":[{"href":"https:\/\/fostudio.h2g.pl\/index.php\/wp-json\/wp\/v2\/product\/167","targetHints":{"allow":["GET"]}}],"collection":[{"href":"https:\/\/fostudio.h2g.pl\/index.php\/wp-json\/wp\/v2\/product"}],"about":[{"href":"https:\/\/fostudio.h2g.pl\/index.php\/wp-json\/wp\/v2\/types\/product"}],"replies":[{"embeddable":true,"href":"https:\/\/fostudio.h2g.pl\/index.php\/wp-json\/wp\/v2\/comments?post=167"}],"wp:attachment":[{"href":"https:\/\/fostudio.h2g.pl\/index.php\/wp-json\/wp\/v2\/media?parent=167"}],"wp:term":[{"taxonomy":"product_brand","embeddable":true,"href":"https:\/\/fostudio.h2g.pl\/index.php\/wp-json\/wp\/v2\/product_brand?post=167"},{"taxonomy":"product_cat","embeddable":true,"href":"https:\/\/fostudio.h2g.pl\/index.php\/wp-json\/wp\/v2\/product_cat?post=167"},{"taxonomy":"product_tag","embeddable":true,"href":"https:\/\/fostudio.h2g.pl\/index.php\/wp-json\/wp\/v2\/product_tag?post=167"}],"curies":[{"name":"wp","href":"https:\/\/api.w.org\/{rel}","templated":true}]}}