{"id":170,"date":"2026-04-21T16:29:50","date_gmt":"2026-04-21T16:29:50","guid":{"rendered":"https:\/\/fostudio.h2g.pl\/index.php\/produkt\/kombinezon-dainese-laguna-seca-5\/"},"modified":"2026-04-21T16:29:50","modified_gmt":"2026-04-21T16:29:50","slug":"kombinezon-dainese-laguna-seca-5","status":"publish","type":"product","link":"https:\/\/fostudio.h2g.pl\/index.php\/produkt\/kombinezon-dainese-laguna-seca-5\/","title":{"rendered":"Kombinezon Dainese Laguna Seca 5"},"content":{"rendered":"<p>Kombinezon z najwy\u017cszej jako\u015bci sk\u00f3ry bydl\u0119cej Tutu. Wyposa\u017cony w elastyczne wstawki Tri-Axial, tytanowe os\u0142ony na ramionach i system nawadniaj\u0105cy w garbie.<\/p>\n","protected":false},"excerpt":{"rendered":"<p>Jednocz\u0119\u015bciowy kombinezon wy\u015bcigowy.<\/p>\n","protected":false},"featured_media":0,"comment_status":"open","ping_status":"closed","template":"","meta":[],"product_brand":[67],"product_cat":[15],"product_tag":[],"class_list":{"0":"post-170","1":"product","2":"type-product","3":"status-publish","5":"product_brand-dainese","6":"product_cat-bez-kategorii","8":"first","9":"instock","10":"shipping-taxable","11":"purchasable","12":"product-type-simple"},"jetpack_sharing_enabled":true,"_links":{"self":[{"href":"https:\/\/fostudio.h2g.pl\/index.php\/wp-json\/wp\/v2\/product\/170","targetHints":{"allow":["GET"]}}],"collection":[{"href":"https:\/\/fostudio.h2g.pl\/index.php\/wp-json\/wp\/v2\/product"}],"about":[{"href":"https:\/\/fostudio.h2g.pl\/index.php\/wp-json\/wp\/v2\/types\/product"}],"replies":[{"embeddable":true,"href":"https:\/\/fostudio.h2g.pl\/index.php\/wp-json\/wp\/v2\/comments?post=170"}],"wp:attachment":[{"href":"https:\/\/fostudio.h2g.pl\/index.php\/wp-json\/wp\/v2\/media?parent=170"}],"wp:term":[{"taxonomy":"product_brand","embeddable":true,"href":"https:\/\/fostudio.h2g.pl\/index.php\/wp-json\/wp\/v2\/product_brand?post=170"},{"taxonomy":"product_cat","embeddable":true,"href":"https:\/\/fostudio.h2g.pl\/index.php\/wp-json\/wp\/v2\/product_cat?post=170"},{"taxonomy":"product_tag","embeddable":true,"href":"https:\/\/fostudio.h2g.pl\/index.php\/wp-json\/wp\/v2\/product_tag?post=170"}],"curies":[{"name":"wp","href":"https:\/\/api.w.org\/{rel}","templated":true}]}}