{"id":171,"date":"2026-04-21T16:29:50","date_gmt":"2026-04-21T16:29:50","guid":{"rendered":"https:\/\/fostudio.h2g.pl\/index.php\/produkt\/kombinezon-alpinestars-missile-v2-ignition\/"},"modified":"2026-04-21T16:29:50","modified_gmt":"2026-04-21T16:29:50","slug":"kombinezon-alpinestars-missile-v2-ignition","status":"publish","type":"product","link":"https:\/\/fostudio.h2g.pl\/index.php\/produkt\/kombinezon-alpinestars-missile-v2-ignition\/","title":{"rendered":"Kombinezon Alpinestars Missile V2 Ignition"},"content":{"rendered":"<p>Dzi\u0119ki kompatybilno\u015bci z systemem Tech-Air 5 zapewnia najwy\u017cszy poziom ochrony. Wykonany ze sk\u00f3ry klasy premium ze wstawkami z MATRYX dla lepszej wentylacji.<\/p>\n","protected":false},"excerpt":{"rendered":"<p>Sportowy kombinezon 2-cz\u0119\u015bciowy.<\/p>\n","protected":false},"featured_media":0,"comment_status":"open","ping_status":"closed","template":"","meta":[],"product_brand":[62],"product_cat":[15],"product_tag":[],"class_list":{"0":"post-171","1":"product","2":"type-product","3":"status-publish","5":"product_brand-alpinestars","6":"product_cat-bez-kategorii","8":"first","9":"instock","10":"shipping-taxable","11":"purchasable","12":"product-type-simple"},"jetpack_sharing_enabled":true,"_links":{"self":[{"href":"https:\/\/fostudio.h2g.pl\/index.php\/wp-json\/wp\/v2\/product\/171","targetHints":{"allow":["GET"]}}],"collection":[{"href":"https:\/\/fostudio.h2g.pl\/index.php\/wp-json\/wp\/v2\/product"}],"about":[{"href":"https:\/\/fostudio.h2g.pl\/index.php\/wp-json\/wp\/v2\/types\/product"}],"replies":[{"embeddable":true,"href":"https:\/\/fostudio.h2g.pl\/index.php\/wp-json\/wp\/v2\/comments?post=171"}],"wp:attachment":[{"href":"https:\/\/fostudio.h2g.pl\/index.php\/wp-json\/wp\/v2\/media?parent=171"}],"wp:term":[{"taxonomy":"product_brand","embeddable":true,"href":"https:\/\/fostudio.h2g.pl\/index.php\/wp-json\/wp\/v2\/product_brand?post=171"},{"taxonomy":"product_cat","embeddable":true,"href":"https:\/\/fostudio.h2g.pl\/index.php\/wp-json\/wp\/v2\/product_cat?post=171"},{"taxonomy":"product_tag","embeddable":true,"href":"https:\/\/fostudio.h2g.pl\/index.php\/wp-json\/wp\/v2\/product_tag?post=171"}],"curies":[{"name":"wp","href":"https:\/\/api.w.org\/{rel}","templated":true}]}}