{"id":173,"date":"2026-04-21T16:29:50","date_gmt":"2026-04-21T16:29:50","guid":{"rendered":"https:\/\/fostudio.h2g.pl\/index.php\/produkt\/kombinezon-revit-hyperspeed-2\/"},"modified":"2026-04-21T16:29:50","modified_gmt":"2026-04-21T16:29:50","slug":"kombinezon-revit-hyperspeed-2","status":"publish","type":"product","link":"https:\/\/fostudio.h2g.pl\/index.php\/produkt\/kombinezon-revit-hyperspeed-2\/","title":{"rendered":"Kombinezon Revit Hyperspeed 2"},"content":{"rendered":"<p>Model wywodz\u0105cy si\u0119 z MotoGP. Posiada panele 3D air mesh dla maksymalnego ch\u0142odzenia i najnowsze protektory Betac.<\/p>\n","protected":false},"excerpt":{"rendered":"<p>Pro-levelowy kombinezon na tor.<\/p>\n","protected":false},"featured_media":0,"comment_status":"open","ping_status":"closed","template":"","meta":[],"product_brand":[18],"product_cat":[15],"product_tag":[],"class_list":{"0":"post-173","1":"product","2":"type-product","3":"status-publish","5":"product_brand-revit","6":"product_cat-bez-kategorii","8":"first","9":"instock","10":"shipping-taxable","11":"purchasable","12":"product-type-simple"},"jetpack_sharing_enabled":true,"_links":{"self":[{"href":"https:\/\/fostudio.h2g.pl\/index.php\/wp-json\/wp\/v2\/product\/173","targetHints":{"allow":["GET"]}}],"collection":[{"href":"https:\/\/fostudio.h2g.pl\/index.php\/wp-json\/wp\/v2\/product"}],"about":[{"href":"https:\/\/fostudio.h2g.pl\/index.php\/wp-json\/wp\/v2\/types\/product"}],"replies":[{"embeddable":true,"href":"https:\/\/fostudio.h2g.pl\/index.php\/wp-json\/wp\/v2\/comments?post=173"}],"wp:attachment":[{"href":"https:\/\/fostudio.h2g.pl\/index.php\/wp-json\/wp\/v2\/media?parent=173"}],"wp:term":[{"taxonomy":"product_brand","embeddable":true,"href":"https:\/\/fostudio.h2g.pl\/index.php\/wp-json\/wp\/v2\/product_brand?post=173"},{"taxonomy":"product_cat","embeddable":true,"href":"https:\/\/fostudio.h2g.pl\/index.php\/wp-json\/wp\/v2\/product_cat?post=173"},{"taxonomy":"product_tag","embeddable":true,"href":"https:\/\/fostudio.h2g.pl\/index.php\/wp-json\/wp\/v2\/product_tag?post=173"}],"curies":[{"name":"wp","href":"https:\/\/api.w.org\/{rel}","templated":true}]}}