{"id":176,"date":"2026-04-21T16:29:50","date_gmt":"2026-04-21T16:29:50","guid":{"rendered":"https:\/\/fostudio.h2g.pl\/index.php\/produkt\/kurtka-held-carese-evo\/"},"modified":"2026-04-21T16:29:50","modified_gmt":"2026-04-21T16:29:50","slug":"kurtka-held-carese-evo","status":"publish","type":"product","link":"https:\/\/fostudio.h2g.pl\/index.php\/produkt\/kurtka-held-carese-evo\/","title":{"rendered":"Kurtka Held Carese EVO"},"content":{"rendered":"<p>Wykorzystuje materia\u0142 Cordura 500D i wypinan\u0105 membran\u0119 Gore-Tex, kt\u00f3r\u0105 mo\u017cna nosi\u0107 r\u00f3wnie\u017c na zewn\u0105trz kurtki. Niemiecka precyzja i topowe materia\u0142y.<\/p>\n","protected":false},"excerpt":{"rendered":"<p>Kurtka z membran\u0105 Gore-Tex.<\/p>\n","protected":false},"featured_media":0,"comment_status":"open","ping_status":"closed","template":"","meta":[],"product_brand":[71],"product_cat":[15],"product_tag":[],"class_list":{"0":"post-176","1":"product","2":"type-product","3":"status-publish","5":"product_brand-held","6":"product_cat-bez-kategorii","8":"first","9":"instock","10":"shipping-taxable","11":"purchasable","12":"product-type-simple"},"jetpack_sharing_enabled":true,"_links":{"self":[{"href":"https:\/\/fostudio.h2g.pl\/index.php\/wp-json\/wp\/v2\/product\/176","targetHints":{"allow":["GET"]}}],"collection":[{"href":"https:\/\/fostudio.h2g.pl\/index.php\/wp-json\/wp\/v2\/product"}],"about":[{"href":"https:\/\/fostudio.h2g.pl\/index.php\/wp-json\/wp\/v2\/types\/product"}],"replies":[{"embeddable":true,"href":"https:\/\/fostudio.h2g.pl\/index.php\/wp-json\/wp\/v2\/comments?post=176"}],"wp:attachment":[{"href":"https:\/\/fostudio.h2g.pl\/index.php\/wp-json\/wp\/v2\/media?parent=176"}],"wp:term":[{"taxonomy":"product_brand","embeddable":true,"href":"https:\/\/fostudio.h2g.pl\/index.php\/wp-json\/wp\/v2\/product_brand?post=176"},{"taxonomy":"product_cat","embeddable":true,"href":"https:\/\/fostudio.h2g.pl\/index.php\/wp-json\/wp\/v2\/product_cat?post=176"},{"taxonomy":"product_tag","embeddable":true,"href":"https:\/\/fostudio.h2g.pl\/index.php\/wp-json\/wp\/v2\/product_tag?post=176"}],"curies":[{"name":"wp","href":"https:\/\/api.w.org\/{rel}","templated":true}]}}