{"id":178,"date":"2026-04-21T16:29:51","date_gmt":"2026-04-21T16:29:51","guid":{"rendered":"https:\/\/fostudio.h2g.pl\/index.php\/produkt\/rekawice-shima-rs-2\/"},"modified":"2026-04-21T16:35:07","modified_gmt":"2026-04-21T16:35:07","slug":"rekawice-shima-rs-2","status":"publish","type":"product","link":"https:\/\/fostudio.h2g.pl\/index.php\/produkt\/rekawice-shima-rs-2\/","title":{"rendered":"R\u0119kawice Shima RS-2"},"content":{"rendered":"<p>D\u0142ugie r\u0119kawice z protektorem kostek wzmocnionym w\u0142\u00f3knem w\u0119glowym. Posiadaj\u0105 mostek \u0142\u0105cz\u0105cy ma\u0142y palec i szwy zewn\u0119trzne dla maksymalnego komfortu.<\/p>\n","protected":false},"excerpt":{"rendered":"<p>Sportowe r\u0119kawice z karbonem.<\/p>\n","protected":false},"featured_media":0,"comment_status":"open","ping_status":"closed","template":"","meta":[],"product_brand":[17],"product_cat":[29],"product_tag":[],"class_list":{"0":"post-178","1":"product","2":"type-product","3":"status-publish","5":"product_brand-shima","6":"product_cat-rekawice-motocyklowe","8":"first","9":"instock","10":"shipping-taxable","11":"purchasable","12":"product-type-simple"},"jetpack_sharing_enabled":true,"_links":{"self":[{"href":"https:\/\/fostudio.h2g.pl\/index.php\/wp-json\/wp\/v2\/product\/178","targetHints":{"allow":["GET"]}}],"collection":[{"href":"https:\/\/fostudio.h2g.pl\/index.php\/wp-json\/wp\/v2\/product"}],"about":[{"href":"https:\/\/fostudio.h2g.pl\/index.php\/wp-json\/wp\/v2\/types\/product"}],"replies":[{"embeddable":true,"href":"https:\/\/fostudio.h2g.pl\/index.php\/wp-json\/wp\/v2\/comments?post=178"}],"wp:attachment":[{"href":"https:\/\/fostudio.h2g.pl\/index.php\/wp-json\/wp\/v2\/media?parent=178"}],"wp:term":[{"taxonomy":"product_brand","embeddable":true,"href":"https:\/\/fostudio.h2g.pl\/index.php\/wp-json\/wp\/v2\/product_brand?post=178"},{"taxonomy":"product_cat","embeddable":true,"href":"https:\/\/fostudio.h2g.pl\/index.php\/wp-json\/wp\/v2\/product_cat?post=178"},{"taxonomy":"product_tag","embeddable":true,"href":"https:\/\/fostudio.h2g.pl\/index.php\/wp-json\/wp\/v2\/product_tag?post=178"}],"curies":[{"name":"wp","href":"https:\/\/api.w.org\/{rel}","templated":true}]}}