{"id":179,"date":"2026-04-21T16:29:51","date_gmt":"2026-04-21T16:29:51","guid":{"rendered":"https:\/\/fostudio.h2g.pl\/index.php\/produkt\/rekawice-held-phantom-ii\/"},"modified":"2026-04-21T16:33:03","modified_gmt":"2026-04-21T16:33:03","slug":"rekawice-held-phantom-ii","status":"publish","type":"product","link":"https:\/\/fostudio.h2g.pl\/index.php\/produkt\/rekawice-held-phantom-ii\/","title":{"rendered":"R\u0119kawice Held Phantom II"},"content":{"rendered":"<p>Wykonane ze sk\u00f3ry kangura, niezwykle odporne na \u015bcieranie. Posiadaj\u0105 wzmocnienia z p\u0142aszczki (Stingray skin) i tytanowe protektory.<\/p>\n","protected":false},"excerpt":{"rendered":"<p>Kultowe r\u0119kawice wy\u015bcigowe.<\/p>\n","protected":false},"featured_media":0,"comment_status":"open","ping_status":"closed","template":"","meta":[],"product_brand":[71],"product_cat":[29],"product_tag":[],"class_list":{"0":"post-179","1":"product","2":"type-product","3":"status-publish","5":"product_brand-held","6":"product_cat-rekawice-motocyklowe","8":"first","9":"instock","10":"shipping-taxable","11":"purchasable","12":"product-type-simple"},"jetpack_sharing_enabled":true,"_links":{"self":[{"href":"https:\/\/fostudio.h2g.pl\/index.php\/wp-json\/wp\/v2\/product\/179","targetHints":{"allow":["GET"]}}],"collection":[{"href":"https:\/\/fostudio.h2g.pl\/index.php\/wp-json\/wp\/v2\/product"}],"about":[{"href":"https:\/\/fostudio.h2g.pl\/index.php\/wp-json\/wp\/v2\/types\/product"}],"replies":[{"embeddable":true,"href":"https:\/\/fostudio.h2g.pl\/index.php\/wp-json\/wp\/v2\/comments?post=179"}],"wp:attachment":[{"href":"https:\/\/fostudio.h2g.pl\/index.php\/wp-json\/wp\/v2\/media?parent=179"}],"wp:term":[{"taxonomy":"product_brand","embeddable":true,"href":"https:\/\/fostudio.h2g.pl\/index.php\/wp-json\/wp\/v2\/product_brand?post=179"},{"taxonomy":"product_cat","embeddable":true,"href":"https:\/\/fostudio.h2g.pl\/index.php\/wp-json\/wp\/v2\/product_cat?post=179"},{"taxonomy":"product_tag","embeddable":true,"href":"https:\/\/fostudio.h2g.pl\/index.php\/wp-json\/wp\/v2\/product_tag?post=179"}],"curies":[{"name":"wp","href":"https:\/\/api.w.org\/{rel}","templated":true}]}}