{"id":180,"date":"2026-04-21T16:29:51","date_gmt":"2026-04-21T16:29:51","guid":{"rendered":"https:\/\/fostudio.h2g.pl\/index.php\/produkt\/rekawice-dainese-steel-pro\/"},"modified":"2026-04-21T16:33:03","modified_gmt":"2026-04-21T16:33:03","slug":"rekawice-dainese-steel-pro","status":"publish","type":"product","link":"https:\/\/fostudio.h2g.pl\/index.php\/produkt\/rekawice-dainese-steel-pro\/","title":{"rendered":"R\u0119kawice Dainese Steel Pro"},"content":{"rendered":"<p>Stalowe wstawki na kostkach i plecach d\u0142oni, system DCP na ma\u0142ym palcu i sk\u00f3ra kozia dla lepszego czucia manetki.<\/p>\n","protected":false},"excerpt":{"rendered":"<p>Zaawansowane r\u0119kawice sportowe.<\/p>\n","protected":false},"featured_media":0,"comment_status":"open","ping_status":"closed","template":"","meta":[],"product_brand":[67],"product_cat":[29],"product_tag":[],"class_list":{"0":"post-180","1":"product","2":"type-product","3":"status-publish","5":"product_brand-dainese","6":"product_cat-rekawice-motocyklowe","8":"first","9":"instock","10":"shipping-taxable","11":"purchasable","12":"product-type-simple"},"jetpack_sharing_enabled":true,"_links":{"self":[{"href":"https:\/\/fostudio.h2g.pl\/index.php\/wp-json\/wp\/v2\/product\/180","targetHints":{"allow":["GET"]}}],"collection":[{"href":"https:\/\/fostudio.h2g.pl\/index.php\/wp-json\/wp\/v2\/product"}],"about":[{"href":"https:\/\/fostudio.h2g.pl\/index.php\/wp-json\/wp\/v2\/types\/product"}],"replies":[{"embeddable":true,"href":"https:\/\/fostudio.h2g.pl\/index.php\/wp-json\/wp\/v2\/comments?post=180"}],"wp:attachment":[{"href":"https:\/\/fostudio.h2g.pl\/index.php\/wp-json\/wp\/v2\/media?parent=180"}],"wp:term":[{"taxonomy":"product_brand","embeddable":true,"href":"https:\/\/fostudio.h2g.pl\/index.php\/wp-json\/wp\/v2\/product_brand?post=180"},{"taxonomy":"product_cat","embeddable":true,"href":"https:\/\/fostudio.h2g.pl\/index.php\/wp-json\/wp\/v2\/product_cat?post=180"},{"taxonomy":"product_tag","embeddable":true,"href":"https:\/\/fostudio.h2g.pl\/index.php\/wp-json\/wp\/v2\/product_tag?post=180"}],"curies":[{"name":"wp","href":"https:\/\/api.w.org\/{rel}","templated":true}]}}