{"id":183,"date":"2026-04-21T16:29:51","date_gmt":"2026-04-21T16:29:51","guid":{"rendered":"https:\/\/fostudio.h2g.pl\/index.php\/produkt\/spodnie-shima-giro-2-0\/"},"modified":"2026-04-21T16:33:27","modified_gmt":"2026-04-21T16:33:27","slug":"spodnie-shima-giro-2-0","status":"publish","type":"product","link":"https:\/\/fostudio.h2g.pl\/index.php\/produkt\/spodnie-shima-giro-2-0\/","title":{"rendered":"Spodnie Shima GIRO 2.0"},"content":{"rendered":"<p>Spodnie typu Cargo, kt\u00f3re wygl\u0105daj\u0105 jak cywilne, ale oferuj\u0105 ochron\u0119 dzi\u0119ki warstwie aramidowej i protektorom AirForce. Bardzo wygodne na co dzie\u0144.<\/p>\n","protected":false},"excerpt":{"rendered":"<p>D\u017cinsy motocyklowe z kevlarem.<\/p>\n","protected":false},"featured_media":0,"comment_status":"open","ping_status":"closed","template":"","meta":[],"product_brand":[17],"product_cat":[15,27],"product_tag":[],"class_list":{"0":"post-183","1":"product","2":"type-product","3":"status-publish","5":"product_brand-shima","6":"product_cat-bez-kategorii","7":"product_cat-spodnie-motocyklowe","9":"first","10":"instock","11":"shipping-taxable","12":"purchasable","13":"product-type-simple"},"jetpack_sharing_enabled":true,"_links":{"self":[{"href":"https:\/\/fostudio.h2g.pl\/index.php\/wp-json\/wp\/v2\/product\/183","targetHints":{"allow":["GET"]}}],"collection":[{"href":"https:\/\/fostudio.h2g.pl\/index.php\/wp-json\/wp\/v2\/product"}],"about":[{"href":"https:\/\/fostudio.h2g.pl\/index.php\/wp-json\/wp\/v2\/types\/product"}],"replies":[{"embeddable":true,"href":"https:\/\/fostudio.h2g.pl\/index.php\/wp-json\/wp\/v2\/comments?post=183"}],"wp:attachment":[{"href":"https:\/\/fostudio.h2g.pl\/index.php\/wp-json\/wp\/v2\/media?parent=183"}],"wp:term":[{"taxonomy":"product_brand","embeddable":true,"href":"https:\/\/fostudio.h2g.pl\/index.php\/wp-json\/wp\/v2\/product_brand?post=183"},{"taxonomy":"product_cat","embeddable":true,"href":"https:\/\/fostudio.h2g.pl\/index.php\/wp-json\/wp\/v2\/product_cat?post=183"},{"taxonomy":"product_tag","embeddable":true,"href":"https:\/\/fostudio.h2g.pl\/index.php\/wp-json\/wp\/v2\/product_tag?post=183"}],"curies":[{"name":"wp","href":"https:\/\/api.w.org\/{rel}","templated":true}]}}