{"id":185,"date":"2026-04-21T16:29:51","date_gmt":"2026-04-21T16:29:51","guid":{"rendered":"https:\/\/fostudio.h2g.pl\/index.php\/produkt\/spodnie-alpinestars-missile-v3-air\/"},"modified":"2026-04-21T16:33:27","modified_gmt":"2026-04-21T16:33:27","slug":"spodnie-alpinestars-missile-v3-air","status":"publish","type":"product","link":"https:\/\/fostudio.h2g.pl\/index.php\/produkt\/spodnie-alpinestars-missile-v3-air\/","title":{"rendered":"Spodnie Alpinestars Missile V3 Air"},"content":{"rendered":"<p>Perforowana sk\u00f3ra, slidery kolan i kr\u00f3j dopasowany do pozycji sportowej. Kompatybilne z kurtkami Alpinestars za pomoc\u0105 d\u0142ugiego zamka.<\/p>\n","protected":false},"excerpt":{"rendered":"<p>Sportowe spodnie sk\u00f3rzane.<\/p>\n","protected":false},"featured_media":0,"comment_status":"open","ping_status":"closed","template":"","meta":[],"product_brand":[62],"product_cat":[15,27],"product_tag":[],"class_list":{"0":"post-185","1":"product","2":"type-product","3":"status-publish","5":"product_brand-alpinestars","6":"product_cat-bez-kategorii","7":"product_cat-spodnie-motocyklowe","9":"first","10":"instock","11":"shipping-taxable","12":"purchasable","13":"product-type-simple"},"jetpack_sharing_enabled":true,"_links":{"self":[{"href":"https:\/\/fostudio.h2g.pl\/index.php\/wp-json\/wp\/v2\/product\/185","targetHints":{"allow":["GET"]}}],"collection":[{"href":"https:\/\/fostudio.h2g.pl\/index.php\/wp-json\/wp\/v2\/product"}],"about":[{"href":"https:\/\/fostudio.h2g.pl\/index.php\/wp-json\/wp\/v2\/types\/product"}],"replies":[{"embeddable":true,"href":"https:\/\/fostudio.h2g.pl\/index.php\/wp-json\/wp\/v2\/comments?post=185"}],"wp:attachment":[{"href":"https:\/\/fostudio.h2g.pl\/index.php\/wp-json\/wp\/v2\/media?parent=185"}],"wp:term":[{"taxonomy":"product_brand","embeddable":true,"href":"https:\/\/fostudio.h2g.pl\/index.php\/wp-json\/wp\/v2\/product_brand?post=185"},{"taxonomy":"product_cat","embeddable":true,"href":"https:\/\/fostudio.h2g.pl\/index.php\/wp-json\/wp\/v2\/product_cat?post=185"},{"taxonomy":"product_tag","embeddable":true,"href":"https:\/\/fostudio.h2g.pl\/index.php\/wp-json\/wp\/v2\/product_tag?post=185"}],"curies":[{"name":"wp","href":"https:\/\/api.w.org\/{rel}","templated":true}]}}