{"id":187,"date":"2026-04-21T16:29:51","date_gmt":"2026-04-21T16:29:51","guid":{"rendered":"https:\/\/fostudio.h2g.pl\/index.php\/produkt\/spodnie-spidi-tek-net\/"},"modified":"2026-04-21T16:33:27","modified_gmt":"2026-04-21T16:33:27","slug":"spodnie-spidi-tek-net","status":"publish","type":"product","link":"https:\/\/fostudio.h2g.pl\/index.php\/produkt\/spodnie-spidi-tek-net\/","title":{"rendered":"Spodnie Spidi Tek Net"},"content":{"rendered":"<p>Wi\u0119kszo\u015b\u0107 powierzchni spodni to wytrzyma\u0142a siatka mesh, co zapewnia niespotykany przep\u0142yw powietrza podczas najwi\u0119kszych upa\u0142\u00f3w.<\/p>\n","protected":false},"excerpt":{"rendered":"<p>Lekkie spodnie siatkowe na lato.<\/p>\n","protected":false},"featured_media":0,"comment_status":"open","ping_status":"closed","template":"","meta":[],"product_brand":[76],"product_cat":[15,27],"product_tag":[],"class_list":{"0":"post-187","1":"product","2":"type-product","3":"status-publish","5":"product_brand-spidi","6":"product_cat-bez-kategorii","7":"product_cat-spodnie-motocyklowe","9":"first","10":"instock","11":"shipping-taxable","12":"purchasable","13":"product-type-simple"},"jetpack_sharing_enabled":true,"_links":{"self":[{"href":"https:\/\/fostudio.h2g.pl\/index.php\/wp-json\/wp\/v2\/product\/187","targetHints":{"allow":["GET"]}}],"collection":[{"href":"https:\/\/fostudio.h2g.pl\/index.php\/wp-json\/wp\/v2\/product"}],"about":[{"href":"https:\/\/fostudio.h2g.pl\/index.php\/wp-json\/wp\/v2\/types\/product"}],"replies":[{"embeddable":true,"href":"https:\/\/fostudio.h2g.pl\/index.php\/wp-json\/wp\/v2\/comments?post=187"}],"wp:attachment":[{"href":"https:\/\/fostudio.h2g.pl\/index.php\/wp-json\/wp\/v2\/media?parent=187"}],"wp:term":[{"taxonomy":"product_brand","embeddable":true,"href":"https:\/\/fostudio.h2g.pl\/index.php\/wp-json\/wp\/v2\/product_brand?post=187"},{"taxonomy":"product_cat","embeddable":true,"href":"https:\/\/fostudio.h2g.pl\/index.php\/wp-json\/wp\/v2\/product_cat?post=187"},{"taxonomy":"product_tag","embeddable":true,"href":"https:\/\/fostudio.h2g.pl\/index.php\/wp-json\/wp\/v2\/product_tag?post=187"}],"curies":[{"name":"wp","href":"https:\/\/api.w.org\/{rel}","templated":true}]}}